{"id":21928,"date":"2023-10-10T08:31:44","date_gmt":"2023-10-10T08:31:44","guid":{"rendered":"https:\/\/www.donati-legal.cz\/references\/"},"modified":"2024-10-08T18:46:38","modified_gmt":"2024-10-08T18:46:38","slug":"references","status":"publish","type":"page","link":"https:\/\/www.donati-legal.cz\/en\/references\/","title":{"rendered":"References"},"content":{"rendered":"\t\t<div data-elementor-type=\"wp-page\" data-elementor-id=\"21928\" class=\"elementor elementor-21928 elementor-21917\">\n\t\t\t\t\t\t<div class=\"elementor-inner\">\n\t\t\t\t<div class=\"elementor-section-wrap\">\n\t\t\t\t\t\t\t\t\t<section class=\"elementor-section elementor-top-section elementor-element elementor-element-30975df elementor-section-boxed elementor-section-height-default elementor-section-height-default sc_fly_static\" data-id=\"30975df\" data-element_type=\"section\">\n\t\t\t\t\t\t<div class=\"elementor-container elementor-column-gap-extended\">\n\t\t\t\t\t\t\t<div class=\"elementor-row\">\n\t\t\t\t\t<div class=\"elementor-column elementor-col-100 elementor-top-column elementor-element elementor-element-d9eb2d5 sc_inner_width_none sc_content_align_inherit sc_layouts_column_icons_position_left sc_fly_static\" data-id=\"d9eb2d5\" data-element_type=\"column\">\n\t\t\t<div class=\"elementor-column-wrap elementor-element-populated\">\n\t\t\t\t\t\t\t<div class=\"elementor-widget-wrap\">\n\t\t\t\t\t\t<div class=\"elementor-element elementor-element-4e3fbf6 sc_fly_static elementor-widget elementor-widget-heading\" data-id=\"4e3fbf6\" data-element_type=\"widget\" data-widget_type=\"heading.default\">\n\t\t\t\t<div class=\"elementor-widget-container\">\n\t\t\t<h1 class=\"elementor-heading-title elementor-size-default\">REFERENCES<\/h1>\t\t<\/div>\n\t\t\t\t<\/div>\n\t\t\t\t\t\t<\/div>\n\t\t\t\t\t<\/div>\n\t\t<\/div>\n\t\t\t\t\t\t\t\t<\/div>\n\t\t\t\t\t<\/div>\n\t\t<\/section>\n\t\t\t\t<section class=\"elementor-section elementor-top-section elementor-element elementor-element-62a3efb elementor-section-boxed elementor-section-height-default elementor-section-height-default sc_fly_static\" data-id=\"62a3efb\" data-element_type=\"section\">\n\t\t\t\t\t\t<div class=\"elementor-container elementor-column-gap-extended\">\n\t\t\t\t\t\t\t<div class=\"elementor-row\">\n\t\t\t\t\t<div class=\"elementor-column elementor-col-100 elementor-top-column elementor-element elementor-element-0c9920b sc_inner_width_none sc_content_align_inherit sc_layouts_column_icons_position_left sc_fly_static\" data-id=\"0c9920b\" data-element_type=\"column\">\n\t\t\t<div class=\"elementor-column-wrap elementor-element-populated\">\n\t\t\t\t\t\t\t<div class=\"elementor-widget-wrap\">\n\t\t\t\t\t\t<div class=\"elementor-element elementor-element-076c92f sc_fly_static elementor-widget elementor-widget-spacer\" data-id=\"076c92f\" data-element_type=\"widget\" data-widget_type=\"spacer.default\">\n\t\t\t\t<div class=\"elementor-widget-container\">\n\t\t\t\t\t<div class=\"elementor-spacer\">\n\t\t\t<div class=\"elementor-spacer-inner\"><\/div>\n\t\t<\/div>\n\t\t\t\t<\/div>\n\t\t\t\t<\/div>\n\t\t\t\t\t\t<\/div>\n\t\t\t\t\t<\/div>\n\t\t<\/div>\n\t\t\t\t\t\t\t\t<\/div>\n\t\t\t\t\t<\/div>\n\t\t<\/section>\n\t\t\t\t<section class=\"elementor-section elementor-top-section elementor-element elementor-element-7964675 elementor-section-boxed elementor-section-height-default elementor-section-height-default sc_fly_static\" data-id=\"7964675\" data-element_type=\"section\">\n\t\t\t\t\t\t<div class=\"elementor-container elementor-column-gap-extended\">\n\t\t\t\t\t\t\t<div class=\"elementor-row\">\n\t\t\t\t\t<div class=\"elementor-column elementor-col-100 elementor-top-column elementor-element elementor-element-e4fcf47 sc_inner_width_none sc_content_align_inherit sc_layouts_column_icons_position_left sc_fly_static\" data-id=\"e4fcf47\" data-element_type=\"column\">\n\t\t\t<div class=\"elementor-column-wrap elementor-element-populated\">\n\t\t\t\t\t\t\t<div class=\"elementor-widget-wrap\">\n\t\t\t\t\t\t<div class=\"elementor-element elementor-element-d46393b sc_fly_static elementor-widget elementor-widget-text-editor\" data-id=\"d46393b\" data-element_type=\"widget\" data-widget_type=\"text-editor.default\">\n\t\t\t\t<div class=\"elementor-widget-container\">\n\t\t\t\t\t\t\t\t<div class=\"elementor-text-editor elementor-clearfix\">\n\t\t\t\t<p>Below you can see Donati Legal&#8217;s client references<\/p>\n\t\t\t\t\t<\/div>\n\t\t\t\t\t\t<\/div>\n\t\t\t\t<\/div>\n\t\t\t\t<div class=\"elementor-element elementor-element-bfdb53c sc_fly_static elementor-widget elementor-widget-spacer\" data-id=\"bfdb53c\" data-element_type=\"widget\" data-widget_type=\"spacer.default\">\n\t\t\t\t<div class=\"elementor-widget-container\">\n\t\t\t\t\t<div class=\"elementor-spacer\">\n\t\t\t<div class=\"elementor-spacer-inner\"><\/div>\n\t\t<\/div>\n\t\t\t\t<\/div>\n\t\t\t\t<\/div>\n\t\t\t\t<div class=\"elementor-element elementor-element-967a202 elementor-testimonial--layout-image_above elementor-testimonial--skin-bubble elementor-testimonial--align-center elementor-arrows-yes elementor-pagination-type-bullets sc_fly_static elementor-widget elementor-widget-testimonial-carousel\" data-id=\"967a202\" data-element_type=\"widget\" data-settings=\"{&quot;slides_per_view&quot;:&quot;1&quot;,&quot;slides_to_scroll&quot;:&quot;2&quot;,&quot;show_arrows&quot;:&quot;yes&quot;,&quot;pagination&quot;:&quot;bullets&quot;,&quot;speed&quot;:500,&quot;autoplay&quot;:&quot;yes&quot;,&quot;autoplay_speed&quot;:5000,&quot;loop&quot;:&quot;yes&quot;,&quot;pause_on_hover&quot;:&quot;yes&quot;,&quot;pause_on_interaction&quot;:&quot;yes&quot;,&quot;space_between&quot;:{&quot;unit&quot;:&quot;px&quot;,&quot;size&quot;:10,&quot;sizes&quot;:[]},&quot;space_between_tablet&quot;:{&quot;unit&quot;:&quot;px&quot;,&quot;size&quot;:10,&quot;sizes&quot;:[]},&quot;space_between_mobile&quot;:{&quot;unit&quot;:&quot;px&quot;,&quot;size&quot;:10,&quot;sizes&quot;:[]}}\" data-widget_type=\"testimonial-carousel.default\">\n\t\t\t\t<div class=\"elementor-widget-container\">\n\t\t\t\t\t<div class=\"elementor-swiper\">\n\t\t\t<div class=\"elementor-main-swiper swiper-container\">\n\t\t\t\t<div class=\"swiper-wrapper\">\n\t\t\t\t\t\t\t\t\t\t\t<div class=\"swiper-slide\">\n\t\t\t\t\t\t\t\t\t<div class=\"elementor-testimonial\">\n\t\t\t\t\t\t\t<div class=\"elementor-testimonial__content\">\n\t\t\t\t\t<div class=\"elementor-testimonial__text\">\n\t\t\t\t\t\t<p>Thank you very much for the provided legal services related to guardianship proceedings and pleasant, fast and trouble-free communication.<\/p>\n\t\t\t\t\t<\/div>\n\t\t\t\t\t\t\t\t\t<\/div>\n\t\t\t\t\t\t<div class=\"elementor-testimonial__footer\">\n\t\t\t\t\t\t\t\t\t<div class=\"elementor-testimonial__image\">\n\t\t\t\t\t\t<img decoding=\"async\" src=\"https:\/\/www.donati-legal.cz\/wp-content\/uploads\/2020\/06\/DONATI_LEGAL_WEB-10.png\" alt=\"Eva P.\">\n\t\t\t\t\t\t\t\t\t\t\t<\/div>\n\t\t\t\t\t\t\t\t<cite class=\"elementor-testimonial__cite\"><span class=\"elementor-testimonial__name\">Eva P.<\/span><\/cite>\t\t\t<\/div>\n\t\t<\/div>\n\t\t\t\t\t\t\t\t<\/div>\n\t\t\t\t\t\t\t\t\t\t\t<div class=\"swiper-slide\">\n\t\t\t\t\t\t\t\t\t<div class=\"elementor-testimonial\">\n\t\t\t\t\t\t\t<div class=\"elementor-testimonial__content\">\n\t\t\t\t\t<div class=\"elementor-testimonial__text\">\n\t\t\t\t\t\t<p>Mrs. Donati's legal services are always provided with high quality with an emphasis on accuracy. I highly appreciate the good communication and professional approach from Ms. Donati and colleagues. Thank you.<\/p>\n\t\t\t\t\t<\/div>\n\t\t\t\t\t\t\t\t\t<\/div>\n\t\t\t\t\t\t<div class=\"elementor-testimonial__footer\">\n\t\t\t\t\t\t\t\t\t<div class=\"elementor-testimonial__image\">\n\t\t\t\t\t\t<img decoding=\"async\" src=\"https:\/\/www.donati-legal.cz\/wp-content\/uploads\/2020\/06\/donati_legalKreslici-platno-1@2x.png\" alt=\"Renata D.\">\n\t\t\t\t\t\t\t\t\t\t\t<\/div>\n\t\t\t\t\t\t\t\t<cite class=\"elementor-testimonial__cite\"><span class=\"elementor-testimonial__name\">Renata D.<\/span><\/cite>\t\t\t<\/div>\n\t\t<\/div>\n\t\t\t\t\t\t\t\t<\/div>\n\t\t\t\t\t\t\t\t\t\t\t<div class=\"swiper-slide\">\n\t\t\t\t\t\t\t\t\t<div class=\"elementor-testimonial\">\n\t\t\t\t\t\t\t<div class=\"elementor-testimonial__content\">\n\t\t\t\t\t<div class=\"elementor-testimonial__text\">\n\t\t\t\t\t\t<p>We have been cooperating with Ms. Donati for a long time in the field of general legal advice and we also mediate her legal assistance in the field of real estate for our clients, i.e. usually real estate buyers. Cooperation with Mrs. Donati is fast and efficient. We recommend her legal services.<\/p>\n\t\t\t\t\t<\/div>\n\t\t\t\t\t\t\t\t\t<\/div>\n\t\t\t\t\t\t<div class=\"elementor-testimonial__footer\">\n\t\t\t\t\t\t\t\t\t<div class=\"elementor-testimonial__image\">\n\t\t\t\t\t\t<img decoding=\"async\" src=\"https:\/\/www.donati-legal.cz\/wp-content\/uploads\/2020\/06\/donati_legalKreslici-platno-1@2x.png\" alt=\"Nemoinspekt s.r.o.\">\n\t\t\t\t\t\t\t\t\t\t\t<\/div>\n\t\t\t\t\t\t\t\t<cite class=\"elementor-testimonial__cite\"><span class=\"elementor-testimonial__name\">Nemoinspekt s.r.o.<\/span><\/cite>\t\t\t<\/div>\n\t\t<\/div>\n\t\t\t\t\t\t\t\t<\/div>\n\t\t\t\t\t\t\t\t\t\t\t<div class=\"swiper-slide\">\n\t\t\t\t\t\t\t\t\t<div class=\"elementor-testimonial\">\n\t\t\t\t\t\t\t<div class=\"elementor-testimonial__content\">\n\t\t\t\t\t<div class=\"elementor-testimonial__text\">\n\t\t\t\t\t\t<p>Whether it was a car claim or the purchase of an apartment, a professional approach was always a matter of course. Thank you for your excellent legal care.<\/p>\n\t\t\t\t\t<\/div>\n\t\t\t\t\t\t\t\t\t<\/div>\n\t\t\t\t\t\t<div class=\"elementor-testimonial__footer\">\n\t\t\t\t\t\t\t\t\t<div class=\"elementor-testimonial__image\">\n\t\t\t\t\t\t<img decoding=\"async\" src=\"https:\/\/www.donati-legal.cz\/wp-content\/uploads\/2020\/06\/donati_legalKreslici-platno-1@2x.png\" alt=\"Mimrovi\">\n\t\t\t\t\t\t\t\t\t\t\t<\/div>\n\t\t\t\t\t\t\t\t<cite class=\"elementor-testimonial__cite\"><span class=\"elementor-testimonial__name\">Mimrovi<\/span><\/cite>\t\t\t<\/div>\n\t\t<\/div>\n\t\t\t\t\t\t\t\t<\/div>\n\t\t\t\t\t\t\t\t\t\t\t<div class=\"swiper-slide\">\n\t\t\t\t\t\t\t\t\t<div class=\"elementor-testimonial\">\n\t\t\t\t\t\t\t<div class=\"elementor-testimonial__content\">\n\t\t\t\t\t<div class=\"elementor-testimonial__text\">\n\t\t\t\t\t\t<p>Gabriela Donati is a great lawyer. Not only does he know the laws, but he also gives correct advice on how to proceed strategically. Where no agreement is possible, the court wins. I recommend it to everyone I know.<\/p>\n\t\t\t\t\t<\/div>\n\t\t\t\t\t\t\t\t\t<\/div>\n\t\t\t\t\t\t<div class=\"elementor-testimonial__footer\">\n\t\t\t\t\t\t\t\t\t<div class=\"elementor-testimonial__image\">\n\t\t\t\t\t\t<img decoding=\"async\" src=\"https:\/\/www.donati-legal.cz\/wp-content\/uploads\/2020\/06\/donati_legalKreslici-platno-1@2x.png\" alt=\"Petr V.\">\n\t\t\t\t\t\t\t\t\t\t\t<\/div>\n\t\t\t\t\t\t\t\t<cite class=\"elementor-testimonial__cite\"><span class=\"elementor-testimonial__name\">Petr V.<\/span><\/cite>\t\t\t<\/div>\n\t\t<\/div>\n\t\t\t\t\t\t\t\t<\/div>\n\t\t\t\t\t\t\t\t\t\t\t<div class=\"swiper-slide\">\n\t\t\t\t\t\t\t\t\t<div class=\"elementor-testimonial\">\n\t\t\t\t\t\t\t<div class=\"elementor-testimonial__content\">\n\t\t\t\t\t<div class=\"elementor-testimonial__text\">\n\t\t\t\t\t\t<p>After mutual agreement, clear setting of goals and guardrails for dealing with the support of relevant jurisdictions, effective assistance in dealing with the other party and in court thanks to empathy and experience from many other cases, positive energy, a goal kick and belief in the victory of common sense within the limits of the law, that are the reasons why in the area of \u200b\u200bfamily matters with Mrs. Mgr. I like to cooperate with Donati\/can the company DONATI LEGAL s.r.o. highly recommend.<\/p>\n\t\t\t\t\t<\/div>\n\t\t\t\t\t\t\t\t\t<\/div>\n\t\t\t\t\t\t<div class=\"elementor-testimonial__footer\">\n\t\t\t\t\t\t\t\t\t<div class=\"elementor-testimonial__image\">\n\t\t\t\t\t\t<img decoding=\"async\" src=\"https:\/\/www.donati-legal.cz\/wp-content\/uploads\/2020\/06\/donati_legalKreslici-platno-1@2x.png\" alt=\"Ji\u0159\u00ed N.\">\n\t\t\t\t\t\t\t\t\t\t\t<\/div>\n\t\t\t\t\t\t\t\t<cite class=\"elementor-testimonial__cite\"><span class=\"elementor-testimonial__name\">Ji\u0159\u00ed N.<\/span><\/cite>\t\t\t<\/div>\n\t\t<\/div>\n\t\t\t\t\t\t\t\t<\/div>\n\t\t\t\t\t\t\t\t\t\t\t<div class=\"swiper-slide\">\n\t\t\t\t\t\t\t\t\t<div class=\"elementor-testimonial\">\n\t\t\t\t\t\t\t<div class=\"elementor-testimonial__content\">\n\t\t\t\t\t<div class=\"elementor-testimonial__text\">\n\t\t\t\t\t\t<p>Attorney Mgr. Gabriela Donati helped me end my employment in a situation where I had no hope of any agreement. She was able to get the other party to cooperate and negotiate terms for me that I did not hope for. I appreciate her professional and at the same time personal approach. She has earned my complete trust and I would not hesitate to trust her again with any problem.<\/p>\n\t\t\t\t\t<\/div>\n\t\t\t\t\t\t\t\t\t<\/div>\n\t\t\t\t\t\t<div class=\"elementor-testimonial__footer\">\n\t\t\t\t\t\t\t\t\t<div class=\"elementor-testimonial__image\">\n\t\t\t\t\t\t<img decoding=\"async\" src=\"https:\/\/www.donati-legal.cz\/wp-content\/uploads\/2020\/06\/donati_legalKreslici-platno-1@2x.png\" alt=\"Tamara L.\">\n\t\t\t\t\t\t\t\t\t\t\t<\/div>\n\t\t\t\t\t\t\t\t<cite class=\"elementor-testimonial__cite\"><span class=\"elementor-testimonial__name\">Tamara L.<\/span><\/cite>\t\t\t<\/div>\n\t\t<\/div>\n\t\t\t\t\t\t\t\t<\/div>\n\t\t\t\t\t\t\t\t\t\t\t<div class=\"swiper-slide\">\n\t\t\t\t\t\t\t\t\t<div class=\"elementor-testimonial\">\n\t\t\t\t\t\t\t<div class=\"elementor-testimonial__content\">\n\t\t\t\t\t<div class=\"elementor-testimonial__text\">\n\t\t\t\t\t\t<p>I am completely satisfied with the law firm's services and after the excellent performance of Mgr. Donati and their colleagues during my difficult divorce situation, I use their services in other matters as well (corporate law, labor law, various other consultations...). Everything is always processed systematically, clearly and thoroughly. The level is really high. To all this is added a human approach, a high level of empathy and the ability to understand your problem. In my opinion, Mgr. Donati is a truly exceptional attorney and I am glad to have her on my side!<\/p>\n\t\t\t\t\t<\/div>\n\t\t\t\t\t\t\t\t\t<\/div>\n\t\t\t\t\t\t<div class=\"elementor-testimonial__footer\">\n\t\t\t\t\t\t\t\t\t<div class=\"elementor-testimonial__image\">\n\t\t\t\t\t\t<img decoding=\"async\" src=\"https:\/\/www.donati-legal.cz\/wp-content\/uploads\/2020\/06\/donati_legalKreslici-platno-1@2x.png\" alt=\"Michael N.\">\n\t\t\t\t\t\t\t\t\t\t\t<\/div>\n\t\t\t\t\t\t\t\t<cite class=\"elementor-testimonial__cite\"><span class=\"elementor-testimonial__name\">Michael N.<\/span><\/cite>\t\t\t<\/div>\n\t\t<\/div>\n\t\t\t\t\t\t\t\t<\/div>\n\t\t\t\t\t\t\t\t\t<\/div>\n\t\t\t\t\t\t\t\t\t\t\t\t\t\t\t<div class=\"swiper-pagination\"><\/div>\n\t\t\t\t\t\t\t\t\t\t\t\t\t\t\t\t<div class=\"elementor-swiper-button elementor-swiper-button-prev\">\n\t\t\t\t\t\t\t<i aria-hidden=\"true\" class=\"eicon-chevron-left\"><\/i>\t\t\t\t\t\t\t<span class=\"elementor-screen-only\">Previous<\/span>\n\t\t\t\t\t\t<\/div>\n\t\t\t\t\t\t<div class=\"elementor-swiper-button elementor-swiper-button-next\">\n\t\t\t\t\t\t\t<i aria-hidden=\"true\" class=\"eicon-chevron-right\"><\/i>\t\t\t\t\t\t\t<span class=\"elementor-screen-only\">Next<\/span>\n\t\t\t\t\t\t<\/div>\n\t\t\t\t\t\t\t\t\t\t\t\t<\/div>\n\t\t<\/div>\n\t\t\t\t<\/div>\n\t\t\t\t<\/div>\n\t\t\t\t\t\t<\/div>\n\t\t\t\t\t<\/div>\n\t\t<\/div>\n\t\t\t\t\t\t\t\t<\/div>\n\t\t\t\t\t<\/div>\n\t\t<\/section>\n\t\t\t\t<section class=\"elementor-section elementor-top-section elementor-element elementor-element-eb8af8e elementor-section-boxed elementor-section-height-default elementor-section-height-default sc_fly_static\" data-id=\"eb8af8e\" data-element_type=\"section\">\n\t\t\t\t\t\t<div class=\"elementor-container elementor-column-gap-extended\">\n\t\t\t\t\t\t\t<div class=\"elementor-row\">\n\t\t\t\t\t<div class=\"elementor-column elementor-col-100 elementor-top-column elementor-element elementor-element-1ea35f7 sc_inner_width_none sc_content_align_inherit sc_layouts_column_icons_position_left sc_fly_static\" data-id=\"1ea35f7\" data-element_type=\"column\">\n\t\t\t<div class=\"elementor-column-wrap elementor-element-populated\">\n\t\t\t\t\t\t\t<div class=\"elementor-widget-wrap\">\n\t\t\t\t\t\t<div class=\"elementor-element elementor-element-36dd6a7 sc_fly_static elementor-widget elementor-widget-spacer\" data-id=\"36dd6a7\" data-element_type=\"widget\" data-widget_type=\"spacer.default\">\n\t\t\t\t<div class=\"elementor-widget-container\">\n\t\t\t\t\t<div class=\"elementor-spacer\">\n\t\t\t<div class=\"elementor-spacer-inner\"><\/div>\n\t\t<\/div>\n\t\t\t\t<\/div>\n\t\t\t\t<\/div>\n\t\t\t\t\t\t<\/div>\n\t\t\t\t\t<\/div>\n\t\t<\/div>\n\t\t\t\t\t\t\t\t<\/div>\n\t\t\t\t\t<\/div>\n\t\t<\/section>\n\t\t\t\t\t\t\t\t\t<\/div>\n\t\t\t<\/div>\n\t\t\t\t\t<\/div>\n\t\t","protected":false},"excerpt":{"rendered":"<p>REFERENCES Below you can see Donati Legal&#8217;s client references Thank you very much for the provided legal services related to guardianship proceedings and pleasant, fast and trouble-free communication. Eva P.&hellip;<\/p>\n","protected":false},"author":1,"featured_media":0,"parent":0,"menu_order":0,"comment_status":"closed","ping_status":"closed","template":"","meta":{"footnotes":""},"class_list":["post-21928","page","type-page","status-publish","hentry"],"yoast_head":"<!-- This site is optimized with the Yoast SEO plugin v24.6 - https:\/\/yoast.com\/wordpress\/plugins\/seo\/ -->\n<title>References - DONATI LEGAL<\/title>\n<meta name=\"robots\" content=\"index, follow, max-snippet:-1, max-image-preview:large, max-video-preview:-1\" \/>\n<link rel=\"canonical\" href=\"https:\/\/www.donati-legal.cz\/en\/references\/\" \/>\n<meta property=\"og:locale\" content=\"en_US\" \/>\n<meta property=\"og:type\" content=\"article\" \/>\n<meta property=\"og:title\" content=\"References - DONATI LEGAL\" \/>\n<meta property=\"og:description\" content=\"REFERENCES Below you can see Donati Legal&#8217;s client references Thank you very much for the provided legal services related to guardianship proceedings and pleasant, fast and trouble-free communication. Eva P.&hellip;\" \/>\n<meta property=\"og:url\" content=\"https:\/\/www.donati-legal.cz\/en\/references\/\" \/>\n<meta property=\"og:site_name\" content=\"DONATI LEGAL\" \/>\n<meta property=\"article:modified_time\" content=\"2024-10-08T18:46:38+00:00\" \/>\n<meta property=\"og:image\" content=\"http:\/\/www.donati-legal.cz\/wp-content\/uploads\/2020\/06\/DONATI_LEGAL_WEB-10.png\" \/>\n<meta name=\"twitter:card\" content=\"summary_large_image\" \/>\n<meta name=\"twitter:label1\" content=\"Est. reading time\" \/>\n\t<meta name=\"twitter:data1\" content=\"2 minutes\" \/>\n<script type=\"application\/ld+json\" class=\"yoast-schema-graph\">{\"@context\":\"https:\/\/schema.org\",\"@graph\":[{\"@type\":\"WebPage\",\"@id\":\"https:\/\/www.donati-legal.cz\/en\/references\/\",\"url\":\"https:\/\/www.donati-legal.cz\/en\/references\/\",\"name\":\"References - DONATI LEGAL\",\"isPartOf\":{\"@id\":\"https:\/\/www.donati-legal.cz\/en\/#website\"},\"primaryImageOfPage\":{\"@id\":\"https:\/\/www.donati-legal.cz\/en\/references\/#primaryimage\"},\"image\":{\"@id\":\"https:\/\/www.donati-legal.cz\/en\/references\/#primaryimage\"},\"thumbnailUrl\":\"http:\/\/www.donati-legal.cz\/wp-content\/uploads\/2020\/06\/DONATI_LEGAL_WEB-10.png\",\"datePublished\":\"2023-10-10T08:31:44+00:00\",\"dateModified\":\"2024-10-08T18:46:38+00:00\",\"breadcrumb\":{\"@id\":\"https:\/\/www.donati-legal.cz\/en\/references\/#breadcrumb\"},\"inLanguage\":\"en-US\",\"potentialAction\":[{\"@type\":\"ReadAction\",\"target\":[\"https:\/\/www.donati-legal.cz\/en\/references\/\"]}]},{\"@type\":\"ImageObject\",\"inLanguage\":\"en-US\",\"@id\":\"https:\/\/www.donati-legal.cz\/en\/references\/#primaryimage\",\"url\":\"http:\/\/www.donati-legal.cz\/wp-content\/uploads\/2020\/06\/DONATI_LEGAL_WEB-10.png\",\"contentUrl\":\"http:\/\/www.donati-legal.cz\/wp-content\/uploads\/2020\/06\/DONATI_LEGAL_WEB-10.png\"},{\"@type\":\"BreadcrumbList\",\"@id\":\"https:\/\/www.donati-legal.cz\/en\/references\/#breadcrumb\",\"itemListElement\":[{\"@type\":\"ListItem\",\"position\":1,\"name\":\"Dom\u016f\",\"item\":\"https:\/\/www.donati-legal.cz\/en\/\"},{\"@type\":\"ListItem\",\"position\":2,\"name\":\"References\"}]},{\"@type\":\"WebSite\",\"@id\":\"https:\/\/www.donati-legal.cz\/en\/#website\",\"url\":\"https:\/\/www.donati-legal.cz\/en\/\",\"name\":\"DONATI LEGAL\",\"description\":\"pro V\u00e1\u0161 byznys a \u017eivot\",\"publisher\":{\"@id\":\"https:\/\/www.donati-legal.cz\/en\/#organization\"},\"potentialAction\":[{\"@type\":\"SearchAction\",\"target\":{\"@type\":\"EntryPoint\",\"urlTemplate\":\"https:\/\/www.donati-legal.cz\/en\/?s={search_term_string}\"},\"query-input\":{\"@type\":\"PropertyValueSpecification\",\"valueRequired\":true,\"valueName\":\"search_term_string\"}}],\"inLanguage\":\"en-US\"},{\"@type\":\"Organization\",\"@id\":\"https:\/\/www.donati-legal.cz\/en\/#organization\",\"name\":\"DONATI LEGAL s.r.o.\",\"url\":\"https:\/\/www.donati-legal.cz\/en\/\",\"logo\":{\"@type\":\"ImageObject\",\"inLanguage\":\"en-US\",\"@id\":\"https:\/\/www.donati-legal.cz\/en\/#\/schema\/logo\/image\/\",\"url\":\"https:\/\/www.donati-legal.cz\/wp-content\/uploads\/2020\/06\/donati_legalKreslici-platno-1@2x.png\",\"contentUrl\":\"https:\/\/www.donati-legal.cz\/wp-content\/uploads\/2020\/06\/donati_legalKreslici-platno-1@2x.png\",\"width\":1000,\"height\":1000,\"caption\":\"DONATI LEGAL s.r.o.\"},\"image\":{\"@id\":\"https:\/\/www.donati-legal.cz\/en\/#\/schema\/logo\/image\/\"}}]}<\/script>\n<!-- \/ Yoast SEO plugin. -->","yoast_head_json":{"title":"References - DONATI LEGAL","robots":{"index":"index","follow":"follow","max-snippet":"max-snippet:-1","max-image-preview":"max-image-preview:large","max-video-preview":"max-video-preview:-1"},"canonical":"https:\/\/www.donati-legal.cz\/en\/references\/","og_locale":"en_US","og_type":"article","og_title":"References - DONATI LEGAL","og_description":"REFERENCES Below you can see Donati Legal&#8217;s client references Thank you very much for the provided legal services related to guardianship proceedings and pleasant, fast and trouble-free communication. Eva P.&hellip;","og_url":"https:\/\/www.donati-legal.cz\/en\/references\/","og_site_name":"DONATI LEGAL","article_modified_time":"2024-10-08T18:46:38+00:00","og_image":[{"url":"http:\/\/www.donati-legal.cz\/wp-content\/uploads\/2020\/06\/DONATI_LEGAL_WEB-10.png","type":"","width":"","height":""}],"twitter_card":"summary_large_image","twitter_misc":{"Est. reading time":"2 minutes"},"schema":{"@context":"https:\/\/schema.org","@graph":[{"@type":"WebPage","@id":"https:\/\/www.donati-legal.cz\/en\/references\/","url":"https:\/\/www.donati-legal.cz\/en\/references\/","name":"References - DONATI LEGAL","isPartOf":{"@id":"https:\/\/www.donati-legal.cz\/en\/#website"},"primaryImageOfPage":{"@id":"https:\/\/www.donati-legal.cz\/en\/references\/#primaryimage"},"image":{"@id":"https:\/\/www.donati-legal.cz\/en\/references\/#primaryimage"},"thumbnailUrl":"http:\/\/www.donati-legal.cz\/wp-content\/uploads\/2020\/06\/DONATI_LEGAL_WEB-10.png","datePublished":"2023-10-10T08:31:44+00:00","dateModified":"2024-10-08T18:46:38+00:00","breadcrumb":{"@id":"https:\/\/www.donati-legal.cz\/en\/references\/#breadcrumb"},"inLanguage":"en-US","potentialAction":[{"@type":"ReadAction","target":["https:\/\/www.donati-legal.cz\/en\/references\/"]}]},{"@type":"ImageObject","inLanguage":"en-US","@id":"https:\/\/www.donati-legal.cz\/en\/references\/#primaryimage","url":"http:\/\/www.donati-legal.cz\/wp-content\/uploads\/2020\/06\/DONATI_LEGAL_WEB-10.png","contentUrl":"http:\/\/www.donati-legal.cz\/wp-content\/uploads\/2020\/06\/DONATI_LEGAL_WEB-10.png"},{"@type":"BreadcrumbList","@id":"https:\/\/www.donati-legal.cz\/en\/references\/#breadcrumb","itemListElement":[{"@type":"ListItem","position":1,"name":"Dom\u016f","item":"https:\/\/www.donati-legal.cz\/en\/"},{"@type":"ListItem","position":2,"name":"References"}]},{"@type":"WebSite","@id":"https:\/\/www.donati-legal.cz\/en\/#website","url":"https:\/\/www.donati-legal.cz\/en\/","name":"DONATI LEGAL","description":"pro V\u00e1\u0161 byznys a \u017eivot","publisher":{"@id":"https:\/\/www.donati-legal.cz\/en\/#organization"},"potentialAction":[{"@type":"SearchAction","target":{"@type":"EntryPoint","urlTemplate":"https:\/\/www.donati-legal.cz\/en\/?s={search_term_string}"},"query-input":{"@type":"PropertyValueSpecification","valueRequired":true,"valueName":"search_term_string"}}],"inLanguage":"en-US"},{"@type":"Organization","@id":"https:\/\/www.donati-legal.cz\/en\/#organization","name":"DONATI LEGAL s.r.o.","url":"https:\/\/www.donati-legal.cz\/en\/","logo":{"@type":"ImageObject","inLanguage":"en-US","@id":"https:\/\/www.donati-legal.cz\/en\/#\/schema\/logo\/image\/","url":"https:\/\/www.donati-legal.cz\/wp-content\/uploads\/2020\/06\/donati_legalKreslici-platno-1@2x.png","contentUrl":"https:\/\/www.donati-legal.cz\/wp-content\/uploads\/2020\/06\/donati_legalKreslici-platno-1@2x.png","width":1000,"height":1000,"caption":"DONATI LEGAL s.r.o."},"image":{"@id":"https:\/\/www.donati-legal.cz\/en\/#\/schema\/logo\/image\/"}}]}},"_links":{"self":[{"href":"https:\/\/www.donati-legal.cz\/en\/wp-json\/wp\/v2\/pages\/21928","targetHints":{"allow":["GET"]}}],"collection":[{"href":"https:\/\/www.donati-legal.cz\/en\/wp-json\/wp\/v2\/pages"}],"about":[{"href":"https:\/\/www.donati-legal.cz\/en\/wp-json\/wp\/v2\/types\/page"}],"author":[{"embeddable":true,"href":"https:\/\/www.donati-legal.cz\/en\/wp-json\/wp\/v2\/users\/1"}],"replies":[{"embeddable":true,"href":"https:\/\/www.donati-legal.cz\/en\/wp-json\/wp\/v2\/comments?post=21928"}],"version-history":[{"count":3,"href":"https:\/\/www.donati-legal.cz\/en\/wp-json\/wp\/v2\/pages\/21928\/revisions"}],"predecessor-version":[{"id":23250,"href":"https:\/\/www.donati-legal.cz\/en\/wp-json\/wp\/v2\/pages\/21928\/revisions\/23250"}],"wp:attachment":[{"href":"https:\/\/www.donati-legal.cz\/en\/wp-json\/wp\/v2\/media?parent=21928"}],"curies":[{"name":"wp","href":"https:\/\/api.w.org\/{rel}","templated":true}]}}