{"id":21823,"date":"2020-04-30T11:12:41","date_gmt":"2020-04-30T11:12:41","guid":{"rendered":"https:\/\/www.donati-legal.cz\/contatto\/"},"modified":"2023-09-20T05:57:03","modified_gmt":"2023-09-20T05:57:03","slug":"contatto","status":"publish","type":"page","link":"https:\/\/www.donati-legal.cz\/it\/contatto\/","title":{"rendered":"Contatto"},"content":{"rendered":"\t\t<div data-elementor-type=\"wp-page\" data-elementor-id=\"21823\" class=\"elementor elementor-21823 elementor-1453\">\n\t\t\t\t\t\t<div class=\"elementor-inner\">\n\t\t\t\t<div class=\"elementor-section-wrap\">\n\t\t\t\t\t\t\t\t\t<section class=\"elementor-section elementor-top-section elementor-element elementor-element-21007b6 elementor-section-stretched scheme_light elementor-section-boxed elementor-section-height-default elementor-section-height-default sc_fly_static\" data-id=\"21007b6\" data-element_type=\"section\" data-settings=\"{&quot;stretch_section&quot;:&quot;section-stretched&quot;,&quot;background_background&quot;:&quot;classic&quot;}\">\n\t\t\t\t\t\t\t<div class=\"elementor-background-overlay\"><\/div>\n\t\t\t\t\t\t\t<div class=\"elementor-container elementor-column-gap-extended\">\n\t\t\t\t\t\t\t<div class=\"elementor-row\">\n\t\t\t\t\t<div class=\"elementor-column elementor-col-100 elementor-top-column elementor-element elementor-element-cfe325e sc_inner_width_none sc_content_align_inherit sc_layouts_column_icons_position_left sc_fly_static\" data-id=\"cfe325e\" data-element_type=\"column\">\n\t\t\t<div class=\"elementor-column-wrap elementor-element-populated\">\n\t\t\t\t\t\t\t<div class=\"elementor-widget-wrap\">\n\t\t\t\t\t\t<div class=\"elementor-element elementor-element-5a2bf65 sc_height_large sc_fly_static elementor-widget elementor-widget-spacer\" data-id=\"5a2bf65\" data-element_type=\"widget\" data-widget_type=\"spacer.default\">\n\t\t\t\t<div class=\"elementor-widget-container\">\n\t\t\t\t\t<div class=\"elementor-spacer\">\n\t\t\t<div class=\"elementor-spacer-inner\"><\/div>\n\t\t<\/div>\n\t\t\t\t<\/div>\n\t\t\t\t<\/div>\n\t\t\t\t<div class=\"elementor-element elementor-element-9a9945c sc_layouts_hide_on_mobile sc_layouts_hide_on_tablet sc_fly_static elementor-widget elementor-widget-spacer\" data-id=\"9a9945c\" data-element_type=\"widget\" data-widget_type=\"spacer.default\">\n\t\t\t\t<div class=\"elementor-widget-container\">\n\t\t\t\t\t<div class=\"elementor-spacer\">\n\t\t\t<div class=\"elementor-spacer-inner\"><\/div>\n\t\t<\/div>\n\t\t\t\t<\/div>\n\t\t\t\t<\/div>\n\t\t\t\t<section class=\"elementor-section elementor-inner-section elementor-element elementor-element-154b1c3 elementor-section-boxed elementor-section-height-default elementor-section-height-default sc_fly_static\" data-id=\"154b1c3\" data-element_type=\"section\">\n\t\t\t\t\t\t<div class=\"elementor-container elementor-column-gap-extended\">\n\t\t\t\t\t\t\t<div class=\"elementor-row\">\n\t\t\t\t\t<div class=\"elementor-column elementor-col-33 elementor-inner-column elementor-element elementor-element-2f48f13 sc_inner_width_none sc_content_align_inherit sc_layouts_column_icons_position_left sc_fly_static\" data-id=\"2f48f13\" data-element_type=\"column\">\n\t\t\t<div class=\"elementor-column-wrap elementor-element-populated\">\n\t\t\t\t\t\t\t<div class=\"elementor-widget-wrap\">\n\t\t\t\t\t\t<div class=\"elementor-element elementor-element-e200df6 sc_fly_static elementor-widget elementor-widget-trx_sc_title\" data-id=\"e200df6\" data-element_type=\"widget\" data-widget_type=\"trx_sc_title.default\">\n\t\t\t\t<div class=\"elementor-widget-container\">\n\t\t\t<div\t\tclass=\"sc_title sc_title_default\" ><span class=\"sc_item_subtitle sc_title_subtitle sc_item_subtitle_above sc_item_title_style_default\">Siamo qui per voi<\/span><h2 class=\"sc_item_title sc_title_title sc_item_title_style_default sc_item_title_tag\"\n\t\t\t><span class=\"sc_item_title_text\">Contatteci <\/span><\/h2><div class=\"sc_item_descr sc_title_descr\"><p>Il nostro team di esperti \u00e8 a vostra disposizione in qualsiasi momento.<\/p>\n<\/div><\/div>\t\t<\/div>\n\t\t\t\t<\/div>\n\t\t\t\t<div class=\"elementor-element elementor-element-0594ee0 sc_fly_static elementor-widget elementor-widget-spacer\" data-id=\"0594ee0\" data-element_type=\"widget\" data-widget_type=\"spacer.default\">\n\t\t\t\t<div class=\"elementor-widget-container\">\n\t\t\t\t\t<div class=\"elementor-spacer\">\n\t\t\t<div class=\"elementor-spacer-inner\"><\/div>\n\t\t<\/div>\n\t\t\t\t<\/div>\n\t\t\t\t<\/div>\n\t\t\t\t<div class=\"elementor-element elementor-element-b9caafe sc_fly_static elementor-widget elementor-widget-trx_sc_icons\" data-id=\"b9caafe\" data-element_type=\"widget\" data-widget_type=\"trx_sc_icons.default\">\n\t\t\t\t<div class=\"elementor-widget-container\">\n\t\t\t<div \tclass=\"sc_icons sc_icons_simple sc_icons_size_small sc_align_none\" ><div class=\"sc_icons_item\"><div class=\"sc_icons_icon sc_icon_type_ icon-marker\" ><span class=\"sc_icon_type_ icon-marker\"><\/span><\/div><div class=\"sc_icons_item_details\"><h4 class=\"sc_icons_item_title\"><span>DONATI LEGAL s.r.o<\/span><\/h4><div class=\"sc_icons_item_description\"><span>Lomnick\u00e9ho 1705\/7\r<\/span><span>140 00 Praha 4\r<\/span><span><\/span><span><\/span><span>Societ\u00e0 iscritta nel registro\r<\/span><span>delle imprese presso il tribunale\r<\/span><span>municipale di Praga, fascicolo C371397\r<\/span><span><\/span><span><\/span><\/div><\/div><\/div><div class=\"sc_icons_item with_more\"><div class=\"sc_icons_icon sc_icon_type_ icon-menu-1\" ><span class=\"sc_icon_type_ icon-menu-1\"><\/span><\/div><div class=\"sc_icons_item_details\"><h4 class=\"sc_icons_item_title\"><span>I\u010cO: 174 17 635<\/span><\/h4><\/div><\/div><div class=\"sc_icons_item sc_icons_item_linked\"><div class=\"sc_icons_icon sc_icon_type_ icon-iphone\" ><span class=\"sc_icon_type_ icon-iphone\"><\/span><\/div><div class=\"sc_icons_item_details\"><h4 class=\"sc_icons_item_title\"><a href=\"tel:00420607545357\">\n                                    +420 607 545 357                                    <\/a><\/h4><a href=\"tel:00420607545357\"\n                        class=\"sc_icons_item_link\">\n                        <\/a><\/div><\/div><div class=\"sc_icons_item sc_icons_item_linked\"><div class=\"sc_icons_icon sc_icon_type_ icon-envelope-2\" ><span class=\"sc_icon_type_ icon-envelope-2\"><\/span><\/div><div class=\"sc_icons_item_details\"><h4 class=\"sc_icons_item_title\"><a href=\"mailto:info@donati-legal.cz\">\n                                    info@donati-legal.cz                                    <\/a><\/h4><a href=\"mailto:info@donati-legal.cz\"\n                        class=\"sc_icons_item_link\">\n                        <\/a><\/div><\/div><div class=\"sc_icons_item sc_icons_item_linked\"><div class=\"sc_icons_icon sc_icon_type_ icon-doc-light\" ><span class=\"sc_icon_type_ icon-doc-light\"><\/span><\/div><div class=\"sc_icons_item_details\"><h4 class=\"sc_icons_item_title\"><a href=\"mailto:media@donati-legal.cz\">\n                                    Contatto per i media                                    <\/a><\/h4><div class=\"sc_icons_item_description\"><span>Dott.ssa Tereza Letfusov\u00e1\r<\/span><span>media@donati-legal.cz<\/span><\/div><a href=\"mailto:media@donati-legal.cz\"\n                        class=\"sc_icons_item_link\">\n                        <\/a><\/div><\/div><\/div><!-- \/.sc_icons -->\t\t<\/div>\n\t\t\t\t<\/div>\n\t\t\t\t<div class=\"elementor-element elementor-element-449e67f sc_height_medium sc_layouts_hide_on_wide sc_layouts_hide_on_desktop sc_layouts_hide_on_notebook sc_layouts_hide_on_tablet sc_fly_static elementor-widget elementor-widget-spacer\" data-id=\"449e67f\" data-element_type=\"widget\" data-widget_type=\"spacer.default\">\n\t\t\t\t<div class=\"elementor-widget-container\">\n\t\t\t\t\t<div class=\"elementor-spacer\">\n\t\t\t<div class=\"elementor-spacer-inner\"><\/div>\n\t\t<\/div>\n\t\t\t\t<\/div>\n\t\t\t\t<\/div>\n\t\t\t\t\t\t<\/div>\n\t\t\t\t\t<\/div>\n\t\t<\/div>\n\t\t\t\t<div class=\"elementor-column elementor-col-66 elementor-inner-column elementor-element elementor-element-6f51ef1 sc_inner_width_none sc_content_align_inherit sc_layouts_column_icons_position_left sc_fly_static\" data-id=\"6f51ef1\" data-element_type=\"column\">\n\t\t\t<div class=\"elementor-column-wrap elementor-element-populated\">\n\t\t\t\t\t\t\t<div class=\"elementor-widget-wrap\">\n\t\t\t\t\t\t<div class=\"elementor-element elementor-element-a1d05b9 sc_layouts_hide_on_mobile sc_fly_static elementor-widget elementor-widget-spacer\" data-id=\"a1d05b9\" data-element_type=\"widget\" data-widget_type=\"spacer.default\">\n\t\t\t\t<div class=\"elementor-widget-container\">\n\t\t\t\t\t<div class=\"elementor-spacer\">\n\t\t\t<div class=\"elementor-spacer-inner\"><\/div>\n\t\t<\/div>\n\t\t\t\t<\/div>\n\t\t\t\t<\/div>\n\t\t\t\t<div class=\"elementor-element elementor-element-7317bac sc_fly_static elementor-widget elementor-widget-trx_sc_contact_form_7\" data-id=\"7317bac\" data-element_type=\"widget\" data-widget_type=\"trx_sc_contact_form_7.default\">\n\t\t\t\t<div class=\"elementor-widget-container\">\n\t\t\t\n<div class=\"wpcf7 no-js\" id=\"wpcf7-f21873-o1\" lang=\"it-IT\" dir=\"ltr\" data-wpcf7-id=\"21873\">\n<div class=\"screen-reader-response\"><p role=\"status\" aria-live=\"polite\" aria-atomic=\"true\"><\/p> <ul><\/ul><\/div>\n<form action=\"\/it\/wp-json\/wp\/v2\/pages\/21823#wpcf7-f21873-o1\" method=\"post\" class=\"wpcf7-form init\" aria-label=\"Modulo di contatto\" novalidate=\"novalidate\" data-status=\"init\">\n<div style=\"display: none;\">\n<input type=\"hidden\" name=\"_wpcf7\" value=\"21873\" \/>\n<input type=\"hidden\" name=\"_wpcf7_version\" value=\"6.0.3\" \/>\n<input type=\"hidden\" name=\"_wpcf7_locale\" value=\"it_IT\" \/>\n<input type=\"hidden\" name=\"_wpcf7_unit_tag\" value=\"wpcf7-f21873-o1\" \/>\n<input type=\"hidden\" name=\"_wpcf7_container_post\" value=\"0\" \/>\n<input type=\"hidden\" name=\"_wpcf7_posted_data_hash\" value=\"\" \/>\n<\/div>\n<div class=\"form-style-1\">\n\t<div class=\"columns_wrap\">\n\t\t<div class=\"column-1_2\">\n\t\t\t<p><span class=\"style-line icon-name\"><span class=\"wpcf7-form-control-wrap\" data-name=\"your-name\"><input size=\"40\" maxlength=\"400\" class=\"wpcf7-form-control wpcf7-text wpcf7-validates-as-required\" aria-required=\"true\" aria-invalid=\"false\" placeholder=\"Nome\" value=\"\" type=\"text\" name=\"your-name\" \/><\/span><\/span>\n\t\t\t<\/p>\n\t\t<\/div>\n\t\t<div class=\"column-1_2\">\n\t\t\t<p><span class=\"style-line icon-email\"><span class=\"wpcf7-form-control-wrap\" data-name=\"your-email\"><input size=\"40\" maxlength=\"400\" class=\"wpcf7-form-control wpcf7-email wpcf7-validates-as-required wpcf7-text wpcf7-validates-as-email\" aria-required=\"true\" aria-invalid=\"false\" placeholder=\"E-mail\" value=\"\" type=\"email\" name=\"your-email\" \/><\/span><\/span>\n\t\t\t<\/p>\n\t\t<\/div>\n\t<\/div>\n\t<div class=\"columns_wrap\">\n\t\t<div class=\"column-1_2\">\n\t\t\t<p><span class=\"style-line icon-phone\"><span class=\"wpcf7-form-control-wrap\" data-name=\"phone\"><input size=\"40\" maxlength=\"400\" class=\"wpcf7-form-control wpcf7-tel wpcf7-validates-as-required wpcf7-text wpcf7-validates-as-tel\" aria-required=\"true\" aria-invalid=\"false\" placeholder=\"Telefono\" value=\"\" type=\"tel\" name=\"phone\" \/><\/span><\/span>\n\t\t\t<\/p>\n\t\t<\/div>\n\t\t<div class=\"column-1_2\">\n\t\t\t<p><span class=\"style-line icon-subject\"><span class=\"wpcf7-form-control-wrap\" data-name=\"subject\"><input size=\"40\" maxlength=\"400\" class=\"wpcf7-form-control wpcf7-text wpcf7-validates-as-required\" aria-required=\"true\" aria-invalid=\"false\" placeholder=\"Oggetto\" value=\"\" type=\"text\" name=\"subject\" \/><\/span><\/span>\n\t\t\t<\/p>\n\t\t<\/div>\n\t<\/div>\n\t<div class=\"columns_wrap margin-bottom\">\n\t\t<div class=\"column-1_1\">\n\t\t\t<p><span class=\"style-line icon-textarea\"><span class=\"wpcf7-form-control-wrap\" data-name=\"your-message\"><textarea cols=\"40\" rows=\"10\" maxlength=\"2000\" class=\"wpcf7-form-control wpcf7-textarea wpcf7-validates-as-required\" aria-required=\"true\" aria-invalid=\"false\" placeholder=\"Come possiamo aiutarvi? Non esitate a contattarci!\" name=\"your-message\"><\/textarea><\/span><\/span>\n\t\t\t<\/p>\n\t\t<\/div>\n\t<\/div>\n\t<p><input class=\"wpcf7-form-control wpcf7-submit has-spinner\" type=\"submit\" value=\"Inviare\" \/> Informativa sul trattamento <a href=\"\/privacy-policy\/\"> dei dati personali <\/a>.\n\t<\/p>\n<\/div><p style=\"display: none !important;\" class=\"akismet-fields-container\" data-prefix=\"_wpcf7_ak_\"><label>&#916;<textarea name=\"_wpcf7_ak_hp_textarea\" cols=\"45\" rows=\"8\" maxlength=\"100\"><\/textarea><\/label><input type=\"hidden\" id=\"ak_js_1\" name=\"_wpcf7_ak_js\" value=\"145\"\/><script>document.getElementById( \"ak_js_1\" ).setAttribute( \"value\", ( new Date() ).getTime() );<\/script><\/p><div class=\"wpcf7-response-output\" aria-hidden=\"true\"><\/div>\n<\/form>\n<\/div>\n\t\t<\/div>\n\t\t\t\t<\/div>\n\t\t\t\t\t\t<\/div>\n\t\t\t\t\t<\/div>\n\t\t<\/div>\n\t\t\t\t\t\t\t\t<\/div>\n\t\t\t\t\t<\/div>\n\t\t<\/section>\n\t\t\t\t<div class=\"elementor-element elementor-element-ed84d57 sc_height_huge sc_fly_static elementor-widget elementor-widget-spacer\" data-id=\"ed84d57\" data-element_type=\"widget\" data-widget_type=\"spacer.default\">\n\t\t\t\t<div class=\"elementor-widget-container\">\n\t\t\t\t\t<div class=\"elementor-spacer\">\n\t\t\t<div class=\"elementor-spacer-inner\"><\/div>\n\t\t<\/div>\n\t\t\t\t<\/div>\n\t\t\t\t<\/div>\n\t\t\t\t\t\t<\/div>\n\t\t\t\t\t<\/div>\n\t\t<\/div>\n\t\t\t\t\t\t\t\t<\/div>\n\t\t\t\t\t<\/div>\n\t\t<\/section>\n\t\t\t\t<section class=\"elementor-section elementor-top-section elementor-element elementor-element-b35b84a elementor-section-stretched elementor-section-full_width elementor-section-height-default elementor-section-height-default sc_fly_static\" data-id=\"b35b84a\" data-element_type=\"section\" data-settings=\"{&quot;stretch_section&quot;:&quot;section-stretched&quot;,&quot;background_background&quot;:&quot;classic&quot;}\">\n\t\t\t\t\t\t<div class=\"elementor-container elementor-column-gap-narrow\">\n\t\t\t\t\t\t\t<div class=\"elementor-row\">\n\t\t\t\t\t<div class=\"elementor-column elementor-col-50 elementor-top-column elementor-element elementor-element-d92b45a sc_inner_width_none sc_content_align_inherit sc_layouts_column_icons_position_left sc_fly_static\" data-id=\"d92b45a\" data-element_type=\"column\">\n\t\t\t<div class=\"elementor-column-wrap elementor-element-populated\">\n\t\t\t\t\t\t\t<div class=\"elementor-widget-wrap\">\n\t\t\t\t\t\t<div class=\"elementor-element elementor-element-0a4c225 sc_fly_static elementor-widget elementor-widget-trx_sc_googlemap\" data-id=\"0a4c225\" data-element_type=\"widget\" data-widget_type=\"trx_sc_googlemap.default\">\n\t\t\t\t<div class=\"elementor-widget-container\">\n\t\t\t<div id=\"sc_googlemap_66272194_wrap\" class=\"sc_googlemap_wrap\"><div id=\"sc_googlemap_66272194\"\t\t\tclass=\"sc_item_content sc_map sc_googlemap sc_googlemap_default trx_addons_inline_1583711688\"\n\t\t\t \t\t\tdata-zoom=\"14\"\n\t\t\tdata-center=\"\"\n\t\t\tdata-style=\"simple\"\n\t\t\tdata-cluster-icon=\"\"\n\t\t\t><iframe\n\t\t\t\t\t\tsrc=\"https:\/\/maps.google.com\/maps?t=m&output=embed&iwloc=near&z=14&q=50.05725472762954%2C+14.432803023942046\"\n\t\t\t\t\t\taria-label=\"\"><\/iframe><\/div><\/div>\t\t<\/div>\n\t\t\t\t<\/div>\n\t\t\t\t\t\t<\/div>\n\t\t\t\t\t<\/div>\n\t\t<\/div>\n\t\t\t\t<div class=\"elementor-column elementor-col-50 elementor-top-column elementor-element elementor-element-73c02d9 sc_inner_width_none sc_content_align_inherit sc_layouts_column_icons_position_left sc_fly_static\" data-id=\"73c02d9\" data-element_type=\"column\">\n\t\t\t<div class=\"elementor-column-wrap elementor-element-populated\">\n\t\t\t\t\t\t\t<div class=\"elementor-widget-wrap\">\n\t\t\t\t\t\t<div class=\"elementor-element elementor-element-c7e7e9a sc_fly_static elementor-widget elementor-widget-image\" data-id=\"c7e7e9a\" data-element_type=\"widget\" data-widget_type=\"image.default\">\n\t\t\t\t<div class=\"elementor-widget-container\">\n\t\t\t\t\t\t\t\t<div class=\"elementor-image\">\n\t\t\t\t\t\t\t\t\t\t\t\t<img loading=\"lazy\" decoding=\"async\" width=\"800\" height=\"533\" src=\"https:\/\/www.donati-legal.cz\/wp-content\/uploads\/2022\/08\/299460460_904243023894095_3998314281212774001_n.jpg\" class=\"attachment-2048x2048 size-2048x2048\" alt=\"\" srcset=\"https:\/\/www.donati-legal.cz\/wp-content\/uploads\/2022\/08\/299460460_904243023894095_3998314281212774001_n.jpg 800w, https:\/\/www.donati-legal.cz\/wp-content\/uploads\/2022\/08\/299460460_904243023894095_3998314281212774001_n-300x200.jpg 300w, https:\/\/www.donati-legal.cz\/wp-content\/uploads\/2022\/08\/299460460_904243023894095_3998314281212774001_n-768x512.jpg 768w, https:\/\/www.donati-legal.cz\/wp-content\/uploads\/2022\/08\/299460460_904243023894095_3998314281212774001_n-370x247.jpg 370w, https:\/\/www.donati-legal.cz\/wp-content\/uploads\/2022\/08\/299460460_904243023894095_3998314281212774001_n-410x273.jpg 410w, https:\/\/www.donati-legal.cz\/wp-content\/uploads\/2022\/08\/299460460_904243023894095_3998314281212774001_n-600x400.jpg 600w\" sizes=\"auto, (max-width: 800px) 100vw, 800px\" \/>\t\t\t\t\t\t\t\t\t\t\t\t\t\t<\/div>\n\t\t\t\t\t\t<\/div>\n\t\t\t\t<\/div>\n\t\t\t\t\t\t<\/div>\n\t\t\t\t\t<\/div>\n\t\t<\/div>\n\t\t\t\t\t\t\t\t<\/div>\n\t\t\t\t\t<\/div>\n\t\t<\/section>\n\t\t\t\t\t\t\t\t\t<\/div>\n\t\t\t<\/div>\n\t\t\t\t\t<\/div>\n\t\t","protected":false},"excerpt":{"rendered":"<p>Siamo qui per voi Contatteci Il nostro team di esperti \u00e8 a vostra disposizione in qualsiasi momento. DONATI LEGAL s.r.o Lomnick\u00e9ho 1705\/7 140 00 Praha 4 Societ\u00e0 iscritta nel registro&hellip;<\/p>\n","protected":false},"author":1,"featured_media":0,"parent":0,"menu_order":0,"comment_status":"closed","ping_status":"closed","template":"","meta":{"footnotes":""},"class_list":["post-21823","page","type-page","status-publish","hentry"],"yoast_head":"<!-- This site is optimized with the Yoast SEO plugin v24.6 - https:\/\/yoast.com\/wordpress\/plugins\/seo\/ -->\n<title>Contatto - DONATI LEGAL<\/title>\n<meta name=\"robots\" content=\"index, follow, max-snippet:-1, max-image-preview:large, max-video-preview:-1\" \/>\n<link rel=\"canonical\" href=\"https:\/\/www.donati-legal.cz\/it\/contatto\/\" \/>\n<meta property=\"og:locale\" content=\"it_IT\" \/>\n<meta property=\"og:type\" content=\"article\" \/>\n<meta property=\"og:title\" content=\"Contatto - DONATI LEGAL\" \/>\n<meta property=\"og:description\" content=\"Siamo qui per voi Contatteci Il nostro team di esperti \u00e8 a vostra disposizione in qualsiasi momento. DONATI LEGAL s.r.o Lomnick\u00e9ho 1705\/7 140 00 Praha 4 Societ\u00e0 iscritta nel registro&hellip;\" \/>\n<meta property=\"og:url\" content=\"https:\/\/www.donati-legal.cz\/it\/contatto\/\" \/>\n<meta property=\"og:site_name\" content=\"DONATI LEGAL\" \/>\n<meta property=\"article:modified_time\" content=\"2023-09-20T05:57:03+00:00\" \/>\n<meta property=\"og:image\" content=\"http:\/\/www.donati-legal.cz\/wp-content\/uploads\/2022\/08\/299460460_904243023894095_3998314281212774001_n.jpg\" \/>\n<meta name=\"twitter:card\" content=\"summary_large_image\" \/>\n<script type=\"application\/ld+json\" class=\"yoast-schema-graph\">{\"@context\":\"https:\/\/schema.org\",\"@graph\":[{\"@type\":\"WebPage\",\"@id\":\"https:\/\/www.donati-legal.cz\/it\/contatto\/\",\"url\":\"https:\/\/www.donati-legal.cz\/it\/contatto\/\",\"name\":\"Contatto - DONATI LEGAL\",\"isPartOf\":{\"@id\":\"https:\/\/www.donati-legal.cz\/it\/#website\"},\"primaryImageOfPage\":{\"@id\":\"https:\/\/www.donati-legal.cz\/it\/contatto\/#primaryimage\"},\"image\":{\"@id\":\"https:\/\/www.donati-legal.cz\/it\/contatto\/#primaryimage\"},\"thumbnailUrl\":\"http:\/\/www.donati-legal.cz\/wp-content\/uploads\/2022\/08\/299460460_904243023894095_3998314281212774001_n.jpg\",\"datePublished\":\"2020-04-30T11:12:41+00:00\",\"dateModified\":\"2023-09-20T05:57:03+00:00\",\"breadcrumb\":{\"@id\":\"https:\/\/www.donati-legal.cz\/it\/contatto\/#breadcrumb\"},\"inLanguage\":\"it-IT\",\"potentialAction\":[{\"@type\":\"ReadAction\",\"target\":[\"https:\/\/www.donati-legal.cz\/it\/contatto\/\"]}]},{\"@type\":\"ImageObject\",\"inLanguage\":\"it-IT\",\"@id\":\"https:\/\/www.donati-legal.cz\/it\/contatto\/#primaryimage\",\"url\":\"http:\/\/www.donati-legal.cz\/wp-content\/uploads\/2022\/08\/299460460_904243023894095_3998314281212774001_n.jpg\",\"contentUrl\":\"http:\/\/www.donati-legal.cz\/wp-content\/uploads\/2022\/08\/299460460_904243023894095_3998314281212774001_n.jpg\"},{\"@type\":\"BreadcrumbList\",\"@id\":\"https:\/\/www.donati-legal.cz\/it\/contatto\/#breadcrumb\",\"itemListElement\":[{\"@type\":\"ListItem\",\"position\":1,\"name\":\"Dom\u016f\",\"item\":\"https:\/\/www.donati-legal.cz\/it\/\"},{\"@type\":\"ListItem\",\"position\":2,\"name\":\"Contatto\"}]},{\"@type\":\"WebSite\",\"@id\":\"https:\/\/www.donati-legal.cz\/it\/#website\",\"url\":\"https:\/\/www.donati-legal.cz\/it\/\",\"name\":\"DONATI LEGAL\",\"description\":\"pro V\u00e1\u0161 byznys a \u017eivot\",\"publisher\":{\"@id\":\"https:\/\/www.donati-legal.cz\/it\/#organization\"},\"potentialAction\":[{\"@type\":\"SearchAction\",\"target\":{\"@type\":\"EntryPoint\",\"urlTemplate\":\"https:\/\/www.donati-legal.cz\/it\/?s={search_term_string}\"},\"query-input\":{\"@type\":\"PropertyValueSpecification\",\"valueRequired\":true,\"valueName\":\"search_term_string\"}}],\"inLanguage\":\"it-IT\"},{\"@type\":\"Organization\",\"@id\":\"https:\/\/www.donati-legal.cz\/it\/#organization\",\"name\":\"DONATI LEGAL s.r.o.\",\"url\":\"https:\/\/www.donati-legal.cz\/it\/\",\"logo\":{\"@type\":\"ImageObject\",\"inLanguage\":\"it-IT\",\"@id\":\"https:\/\/www.donati-legal.cz\/it\/#\/schema\/logo\/image\/\",\"url\":\"https:\/\/www.donati-legal.cz\/wp-content\/uploads\/2020\/06\/donati_legalKreslici-platno-1@2x.png\",\"contentUrl\":\"https:\/\/www.donati-legal.cz\/wp-content\/uploads\/2020\/06\/donati_legalKreslici-platno-1@2x.png\",\"width\":1000,\"height\":1000,\"caption\":\"DONATI LEGAL s.r.o.\"},\"image\":{\"@id\":\"https:\/\/www.donati-legal.cz\/it\/#\/schema\/logo\/image\/\"}}]}<\/script>\n<!-- \/ Yoast SEO plugin. -->","yoast_head_json":{"title":"Contatto - DONATI LEGAL","robots":{"index":"index","follow":"follow","max-snippet":"max-snippet:-1","max-image-preview":"max-image-preview:large","max-video-preview":"max-video-preview:-1"},"canonical":"https:\/\/www.donati-legal.cz\/it\/contatto\/","og_locale":"it_IT","og_type":"article","og_title":"Contatto - DONATI LEGAL","og_description":"Siamo qui per voi Contatteci Il nostro team di esperti \u00e8 a vostra disposizione in qualsiasi momento. DONATI LEGAL s.r.o Lomnick\u00e9ho 1705\/7 140 00 Praha 4 Societ\u00e0 iscritta nel registro&hellip;","og_url":"https:\/\/www.donati-legal.cz\/it\/contatto\/","og_site_name":"DONATI LEGAL","article_modified_time":"2023-09-20T05:57:03+00:00","og_image":[{"url":"http:\/\/www.donati-legal.cz\/wp-content\/uploads\/2022\/08\/299460460_904243023894095_3998314281212774001_n.jpg","type":"","width":"","height":""}],"twitter_card":"summary_large_image","schema":{"@context":"https:\/\/schema.org","@graph":[{"@type":"WebPage","@id":"https:\/\/www.donati-legal.cz\/it\/contatto\/","url":"https:\/\/www.donati-legal.cz\/it\/contatto\/","name":"Contatto - DONATI LEGAL","isPartOf":{"@id":"https:\/\/www.donati-legal.cz\/it\/#website"},"primaryImageOfPage":{"@id":"https:\/\/www.donati-legal.cz\/it\/contatto\/#primaryimage"},"image":{"@id":"https:\/\/www.donati-legal.cz\/it\/contatto\/#primaryimage"},"thumbnailUrl":"http:\/\/www.donati-legal.cz\/wp-content\/uploads\/2022\/08\/299460460_904243023894095_3998314281212774001_n.jpg","datePublished":"2020-04-30T11:12:41+00:00","dateModified":"2023-09-20T05:57:03+00:00","breadcrumb":{"@id":"https:\/\/www.donati-legal.cz\/it\/contatto\/#breadcrumb"},"inLanguage":"it-IT","potentialAction":[{"@type":"ReadAction","target":["https:\/\/www.donati-legal.cz\/it\/contatto\/"]}]},{"@type":"ImageObject","inLanguage":"it-IT","@id":"https:\/\/www.donati-legal.cz\/it\/contatto\/#primaryimage","url":"http:\/\/www.donati-legal.cz\/wp-content\/uploads\/2022\/08\/299460460_904243023894095_3998314281212774001_n.jpg","contentUrl":"http:\/\/www.donati-legal.cz\/wp-content\/uploads\/2022\/08\/299460460_904243023894095_3998314281212774001_n.jpg"},{"@type":"BreadcrumbList","@id":"https:\/\/www.donati-legal.cz\/it\/contatto\/#breadcrumb","itemListElement":[{"@type":"ListItem","position":1,"name":"Dom\u016f","item":"https:\/\/www.donati-legal.cz\/it\/"},{"@type":"ListItem","position":2,"name":"Contatto"}]},{"@type":"WebSite","@id":"https:\/\/www.donati-legal.cz\/it\/#website","url":"https:\/\/www.donati-legal.cz\/it\/","name":"DONATI LEGAL","description":"pro V\u00e1\u0161 byznys a \u017eivot","publisher":{"@id":"https:\/\/www.donati-legal.cz\/it\/#organization"},"potentialAction":[{"@type":"SearchAction","target":{"@type":"EntryPoint","urlTemplate":"https:\/\/www.donati-legal.cz\/it\/?s={search_term_string}"},"query-input":{"@type":"PropertyValueSpecification","valueRequired":true,"valueName":"search_term_string"}}],"inLanguage":"it-IT"},{"@type":"Organization","@id":"https:\/\/www.donati-legal.cz\/it\/#organization","name":"DONATI LEGAL s.r.o.","url":"https:\/\/www.donati-legal.cz\/it\/","logo":{"@type":"ImageObject","inLanguage":"it-IT","@id":"https:\/\/www.donati-legal.cz\/it\/#\/schema\/logo\/image\/","url":"https:\/\/www.donati-legal.cz\/wp-content\/uploads\/2020\/06\/donati_legalKreslici-platno-1@2x.png","contentUrl":"https:\/\/www.donati-legal.cz\/wp-content\/uploads\/2020\/06\/donati_legalKreslici-platno-1@2x.png","width":1000,"height":1000,"caption":"DONATI LEGAL s.r.o."},"image":{"@id":"https:\/\/www.donati-legal.cz\/it\/#\/schema\/logo\/image\/"}}]}},"_links":{"self":[{"href":"https:\/\/www.donati-legal.cz\/it\/wp-json\/wp\/v2\/pages\/21823","targetHints":{"allow":["GET"]}}],"collection":[{"href":"https:\/\/www.donati-legal.cz\/it\/wp-json\/wp\/v2\/pages"}],"about":[{"href":"https:\/\/www.donati-legal.cz\/it\/wp-json\/wp\/v2\/types\/page"}],"author":[{"embeddable":true,"href":"https:\/\/www.donati-legal.cz\/it\/wp-json\/wp\/v2\/users\/1"}],"replies":[{"embeddable":true,"href":"https:\/\/www.donati-legal.cz\/it\/wp-json\/wp\/v2\/comments?post=21823"}],"version-history":[{"count":5,"href":"https:\/\/www.donati-legal.cz\/it\/wp-json\/wp\/v2\/pages\/21823\/revisions"}],"predecessor-version":[{"id":21906,"href":"https:\/\/www.donati-legal.cz\/it\/wp-json\/wp\/v2\/pages\/21823\/revisions\/21906"}],"wp:attachment":[{"href":"https:\/\/www.donati-legal.cz\/it\/wp-json\/wp\/v2\/media?parent=21823"}],"curies":[{"name":"wp","href":"https:\/\/api.w.org\/{rel}","templated":true}]}}