{"id":21930,"date":"2023-10-10T08:31:44","date_gmt":"2023-10-10T08:31:44","guid":{"rendered":"https:\/\/www.donati-legal.cz\/testimonianze\/"},"modified":"2023-10-10T08:53:18","modified_gmt":"2023-10-10T08:53:18","slug":"testimonianze","status":"publish","type":"page","link":"https:\/\/www.donati-legal.cz\/it\/testimonianze\/","title":{"rendered":"Testimonianze"},"content":{"rendered":"\t\t<div data-elementor-type=\"wp-page\" data-elementor-id=\"21930\" class=\"elementor elementor-21930 elementor-21917\">\n\t\t\t\t\t\t<div class=\"elementor-inner\">\n\t\t\t\t<div class=\"elementor-section-wrap\">\n\t\t\t\t\t\t\t\t\t<section class=\"elementor-section elementor-top-section elementor-element elementor-element-30975df elementor-section-boxed elementor-section-height-default elementor-section-height-default sc_fly_static\" data-id=\"30975df\" data-element_type=\"section\">\n\t\t\t\t\t\t<div class=\"elementor-container elementor-column-gap-extended\">\n\t\t\t\t\t\t\t<div class=\"elementor-row\">\n\t\t\t\t\t<div class=\"elementor-column elementor-col-100 elementor-top-column elementor-element elementor-element-d9eb2d5 sc_inner_width_none sc_content_align_inherit sc_layouts_column_icons_position_left sc_fly_static\" data-id=\"d9eb2d5\" data-element_type=\"column\">\n\t\t\t<div class=\"elementor-column-wrap elementor-element-populated\">\n\t\t\t\t\t\t\t<div class=\"elementor-widget-wrap\">\n\t\t\t\t\t\t<div class=\"elementor-element elementor-element-4e3fbf6 sc_fly_static elementor-widget elementor-widget-heading\" data-id=\"4e3fbf6\" data-element_type=\"widget\" data-widget_type=\"heading.default\">\n\t\t\t\t<div class=\"elementor-widget-container\">\n\t\t\t<h1 class=\"elementor-heading-title elementor-size-default\">Testimonianze <\/h1>\t\t<\/div>\n\t\t\t\t<\/div>\n\t\t\t\t\t\t<\/div>\n\t\t\t\t\t<\/div>\n\t\t<\/div>\n\t\t\t\t\t\t\t\t<\/div>\n\t\t\t\t\t<\/div>\n\t\t<\/section>\n\t\t\t\t<section class=\"elementor-section elementor-top-section elementor-element elementor-element-62a3efb elementor-section-boxed elementor-section-height-default elementor-section-height-default sc_fly_static\" data-id=\"62a3efb\" data-element_type=\"section\">\n\t\t\t\t\t\t<div class=\"elementor-container elementor-column-gap-extended\">\n\t\t\t\t\t\t\t<div class=\"elementor-row\">\n\t\t\t\t\t<div class=\"elementor-column elementor-col-100 elementor-top-column elementor-element elementor-element-0c9920b sc_inner_width_none sc_content_align_inherit sc_layouts_column_icons_position_left sc_fly_static\" data-id=\"0c9920b\" data-element_type=\"column\">\n\t\t\t<div class=\"elementor-column-wrap elementor-element-populated\">\n\t\t\t\t\t\t\t<div class=\"elementor-widget-wrap\">\n\t\t\t\t\t\t<div class=\"elementor-element elementor-element-076c92f sc_fly_static elementor-widget elementor-widget-spacer\" data-id=\"076c92f\" data-element_type=\"widget\" data-widget_type=\"spacer.default\">\n\t\t\t\t<div class=\"elementor-widget-container\">\n\t\t\t\t\t<div class=\"elementor-spacer\">\n\t\t\t<div class=\"elementor-spacer-inner\"><\/div>\n\t\t<\/div>\n\t\t\t\t<\/div>\n\t\t\t\t<\/div>\n\t\t\t\t\t\t<\/div>\n\t\t\t\t\t<\/div>\n\t\t<\/div>\n\t\t\t\t\t\t\t\t<\/div>\n\t\t\t\t\t<\/div>\n\t\t<\/section>\n\t\t\t\t<section class=\"elementor-section elementor-top-section elementor-element elementor-element-7964675 elementor-section-boxed elementor-section-height-default elementor-section-height-default sc_fly_static\" data-id=\"7964675\" data-element_type=\"section\">\n\t\t\t\t\t\t<div class=\"elementor-container elementor-column-gap-extended\">\n\t\t\t\t\t\t\t<div class=\"elementor-row\">\n\t\t\t\t\t<div class=\"elementor-column elementor-col-100 elementor-top-column elementor-element elementor-element-e4fcf47 sc_inner_width_none sc_content_align_inherit sc_layouts_column_icons_position_left sc_fly_static\" data-id=\"e4fcf47\" data-element_type=\"column\">\n\t\t\t<div class=\"elementor-column-wrap elementor-element-populated\">\n\t\t\t\t\t\t\t<div class=\"elementor-widget-wrap\">\n\t\t\t\t\t\t<div class=\"elementor-element elementor-element-d46393b sc_fly_static elementor-widget elementor-widget-text-editor\" data-id=\"d46393b\" data-element_type=\"widget\" data-widget_type=\"text-editor.default\">\n\t\t\t\t<div class=\"elementor-widget-container\">\n\t\t\t\t\t\t\t\t<div class=\"elementor-text-editor elementor-clearfix\">\n\t\t\t\t<p>Di seguito puoi vedere i riferimenti dei clienti di Donati Legal<\/p>\n\t\t\t\t\t<\/div>\n\t\t\t\t\t\t<\/div>\n\t\t\t\t<\/div>\n\t\t\t\t<div class=\"elementor-element elementor-element-bfdb53c sc_fly_static elementor-widget elementor-widget-spacer\" data-id=\"bfdb53c\" data-element_type=\"widget\" data-widget_type=\"spacer.default\">\n\t\t\t\t<div class=\"elementor-widget-container\">\n\t\t\t\t\t<div class=\"elementor-spacer\">\n\t\t\t<div class=\"elementor-spacer-inner\"><\/div>\n\t\t<\/div>\n\t\t\t\t<\/div>\n\t\t\t\t<\/div>\n\t\t\t\t\t\t<\/div>\n\t\t\t\t\t<\/div>\n\t\t<\/div>\n\t\t\t\t\t\t\t\t<\/div>\n\t\t\t\t\t<\/div>\n\t\t<\/section>\n\t\t\t\t<section class=\"elementor-section elementor-top-section elementor-element elementor-element-e0f3a9d elementor-section-boxed elementor-section-height-default elementor-section-height-default sc_fly_static\" data-id=\"e0f3a9d\" data-element_type=\"section\">\n\t\t\t\t\t\t<div class=\"elementor-container elementor-column-gap-extended\">\n\t\t\t\t\t\t\t<div class=\"elementor-row\">\n\t\t\t\t\t<div class=\"elementor-column elementor-col-100 elementor-top-column elementor-element elementor-element-8391f6e sc_inner_width_none sc_content_align_inherit sc_layouts_column_icons_position_left sc_fly_static\" data-id=\"8391f6e\" data-element_type=\"column\">\n\t\t\t<div class=\"elementor-column-wrap elementor-element-populated\">\n\t\t\t\t\t\t\t<div class=\"elementor-widget-wrap\">\n\t\t\t\t\t\t<div class=\"elementor-element elementor-element-27d5feb sc_fly_static elementor-widget elementor-widget-text-editor\" data-id=\"27d5feb\" data-element_type=\"widget\" data-widget_type=\"text-editor.default\">\n\t\t\t\t<div class=\"elementor-widget-container\">\n\t\t\t\t\t\t\t\t<div class=\"elementor-text-editor elementor-clearfix\">\n\t\t\t\t<ol>\n<li>Grazie mille per i servizi legali forniti relativi ai procedimenti di tutela e per la comunicazione piacevole, veloce e senza problemi. (Eva P.)<\/li>\n<\/ol>\n<ol start=\"2\">\n<li>Collaboriamo da molto tempo con la Sig.ra Donati nel campo della consulenza legale generale e mediamo anche la sua assistenza legale nel campo immobiliare per i nostri clienti, cio\u00e8 solitamente acquirenti di immobili. La collaborazione con la Sig.ra Donati \u00e8 rapida ed efficiente. Raccomandiamo i suoi servizi legali. (Nemoinspekt s.r.o.)<\/li>\n<\/ol>\n<ol start=\"3\">\n<li>I servizi legali della Sig.ra Donati sono sempre forniti con qualit\u00e0 e con particolare attenzione alla precisione. Apprezzo molto la buona comunicazione e l&#8217;approccio professionale della signora Donati e dei colleghi. Grazie. (Renata D.)<\/li>\n<\/ol>\n<ol start=\"4\">\n<li>Dopo l&#8217;accordo reciproco, una chiara definizione degli obiettivi e dei limiti per gestire il supporto delle giurisdizioni competenti, un&#8217;assistenza efficace nei rapporti con la controparte e in tribunale grazie all&#8217;empatia e all&#8217;esperienza di molti altri casi, energia positiva, spinta verso l&#8217;obiettivo e una convinzione nella vittoria del buon senso entro i limiti della legge, ecco le ragioni per cui in materia di questioni familiari con la signora Mons. Mi piacerebbe collaborare con Donati\/pu\u00f2 la societ\u00e0 DONATI LEGAL s.r.o. altamente raccomandato. (Ji\u0159\u00ed N.)<\/li>\n<\/ol>\n<ol start=\"5\">\n<li>Che si trattasse di un sinistro automobilistico o dell&#8217;acquisto di un appartamento, l&#8217;approccio professionale era sempre una cosa ovvia. Grazie per la vostra eccellente assistenza legale. (Mimr)<\/li>\n<\/ol>\n<ol start=\"6\">\n<li>L&#8217;avvocato mons. Gabriela Donati mi ha aiutato a concludere il mio rapporto di lavoro in una situazione in cui non avevo speranza di alcun accordo. \u00c8 riuscita a convincere l&#8217;altra parte a collaborare e a negoziare per me termini che non speravo. Apprezzo il suo approccio professionale e allo stesso tempo personale. Ha guadagnato la mia completa fiducia e non esiterei a fidarmi nuovamente di lei per qualsiasi problema. (Tamara L.)<\/li>\n<\/ol>\n<ol start=\"7\">\n<li>Gabriela Donati \u00e8 una grande avvocatessa. Non solo conosce le leggi, ma d\u00e0 anche consigli corretti su come procedere strategicamente. Dove non \u00e8 possibile un accordo, vincer\u00e0 il tribunale. Lo consiglio a tutti quelli che conosco. (Pietro V.)<\/li>\n<\/ol>\n<ol start=\"8\">\n<li>Sono completamente soddisfatto dei servizi dello studio legale e dopo l&#8217;eccellente prestazione di Mons. Donati e i suoi colleghi durante la mia difficile situazione di divorzio, mi avvalgo dei loro servizi anche in altre questioni (diritto societario, diritto del lavoro, varie altre consulenze&#8230;). Tutto viene sempre elaborato in modo sistematico, chiaro e completo. Il livello \u00e8 veramente alto. A tutto ci\u00f2 si aggiunge un approccio umano, un alto livello di empatia e la capacit\u00e0 di comprendere il proprio problema. Secondo me, mons. Donati \u00e8 un avvocato davvero eccezionale e sono felice di averla al mio fianco! (Michael N.)<\/li>\n<\/ol>\n\t\t\t\t\t<\/div>\n\t\t\t\t\t\t<\/div>\n\t\t\t\t<\/div>\n\t\t\t\t\t\t<\/div>\n\t\t\t\t\t<\/div>\n\t\t<\/div>\n\t\t\t\t\t\t\t\t<\/div>\n\t\t\t\t\t<\/div>\n\t\t<\/section>\n\t\t\t\t<section class=\"elementor-section elementor-top-section elementor-element elementor-element-eb8af8e elementor-section-boxed elementor-section-height-default elementor-section-height-default sc_fly_static\" data-id=\"eb8af8e\" data-element_type=\"section\">\n\t\t\t\t\t\t<div class=\"elementor-container elementor-column-gap-extended\">\n\t\t\t\t\t\t\t<div class=\"elementor-row\">\n\t\t\t\t\t<div class=\"elementor-column elementor-col-100 elementor-top-column elementor-element elementor-element-1ea35f7 sc_inner_width_none sc_content_align_inherit sc_layouts_column_icons_position_left sc_fly_static\" data-id=\"1ea35f7\" data-element_type=\"column\">\n\t\t\t<div class=\"elementor-column-wrap elementor-element-populated\">\n\t\t\t\t\t\t\t<div class=\"elementor-widget-wrap\">\n\t\t\t\t\t\t<div class=\"elementor-element elementor-element-36dd6a7 sc_fly_static elementor-widget elementor-widget-spacer\" data-id=\"36dd6a7\" data-element_type=\"widget\" data-widget_type=\"spacer.default\">\n\t\t\t\t<div class=\"elementor-widget-container\">\n\t\t\t\t\t<div class=\"elementor-spacer\">\n\t\t\t<div class=\"elementor-spacer-inner\"><\/div>\n\t\t<\/div>\n\t\t\t\t<\/div>\n\t\t\t\t<\/div>\n\t\t\t\t\t\t<\/div>\n\t\t\t\t\t<\/div>\n\t\t<\/div>\n\t\t\t\t\t\t\t\t<\/div>\n\t\t\t\t\t<\/div>\n\t\t<\/section>\n\t\t\t\t\t\t\t\t\t<\/div>\n\t\t\t<\/div>\n\t\t\t\t\t<\/div>\n\t\t","protected":false},"excerpt":{"rendered":"<p>Testimonianze Di seguito puoi vedere i riferimenti dei clienti di Donati Legal Grazie mille per i servizi legali forniti relativi ai procedimenti di tutela e per la comunicazione piacevole, veloce&hellip;<\/p>\n","protected":false},"author":1,"featured_media":0,"parent":0,"menu_order":0,"comment_status":"closed","ping_status":"closed","template":"","meta":{"footnotes":""},"class_list":["post-21930","page","type-page","status-publish","hentry"],"yoast_head":"<!-- This site is optimized with the Yoast SEO plugin v24.6 - https:\/\/yoast.com\/wordpress\/plugins\/seo\/ -->\n<title>Testimonianze - DONATI LEGAL<\/title>\n<meta name=\"robots\" content=\"index, follow, max-snippet:-1, max-image-preview:large, max-video-preview:-1\" \/>\n<link rel=\"canonical\" href=\"https:\/\/www.donati-legal.cz\/it\/testimonianze\/\" \/>\n<meta property=\"og:locale\" content=\"it_IT\" \/>\n<meta property=\"og:type\" content=\"article\" \/>\n<meta property=\"og:title\" content=\"Testimonianze - DONATI LEGAL\" \/>\n<meta property=\"og:description\" content=\"Testimonianze Di seguito puoi vedere i riferimenti dei clienti di Donati Legal Grazie mille per i servizi legali forniti relativi ai procedimenti di tutela e per la comunicazione piacevole, veloce&hellip;\" \/>\n<meta property=\"og:url\" content=\"https:\/\/www.donati-legal.cz\/it\/testimonianze\/\" \/>\n<meta property=\"og:site_name\" content=\"DONATI LEGAL\" \/>\n<meta property=\"article:modified_time\" content=\"2023-10-10T08:53:18+00:00\" \/>\n<meta name=\"twitter:card\" content=\"summary_large_image\" \/>\n<meta name=\"twitter:label1\" content=\"Tempo di lettura stimato\" \/>\n\t<meta name=\"twitter:data1\" content=\"2 minuti\" \/>\n<script type=\"application\/ld+json\" class=\"yoast-schema-graph\">{\"@context\":\"https:\/\/schema.org\",\"@graph\":[{\"@type\":\"WebPage\",\"@id\":\"https:\/\/www.donati-legal.cz\/it\/testimonianze\/\",\"url\":\"https:\/\/www.donati-legal.cz\/it\/testimonianze\/\",\"name\":\"Testimonianze - DONATI LEGAL\",\"isPartOf\":{\"@id\":\"https:\/\/www.donati-legal.cz\/it\/#website\"},\"datePublished\":\"2023-10-10T08:31:44+00:00\",\"dateModified\":\"2023-10-10T08:53:18+00:00\",\"breadcrumb\":{\"@id\":\"https:\/\/www.donati-legal.cz\/it\/testimonianze\/#breadcrumb\"},\"inLanguage\":\"it-IT\",\"potentialAction\":[{\"@type\":\"ReadAction\",\"target\":[\"https:\/\/www.donati-legal.cz\/it\/testimonianze\/\"]}]},{\"@type\":\"BreadcrumbList\",\"@id\":\"https:\/\/www.donati-legal.cz\/it\/testimonianze\/#breadcrumb\",\"itemListElement\":[{\"@type\":\"ListItem\",\"position\":1,\"name\":\"Dom\u016f\",\"item\":\"https:\/\/www.donati-legal.cz\/it\/\"},{\"@type\":\"ListItem\",\"position\":2,\"name\":\"Testimonianze\"}]},{\"@type\":\"WebSite\",\"@id\":\"https:\/\/www.donati-legal.cz\/it\/#website\",\"url\":\"https:\/\/www.donati-legal.cz\/it\/\",\"name\":\"DONATI LEGAL\",\"description\":\"pro V\u00e1\u0161 byznys a \u017eivot\",\"publisher\":{\"@id\":\"https:\/\/www.donati-legal.cz\/it\/#organization\"},\"potentialAction\":[{\"@type\":\"SearchAction\",\"target\":{\"@type\":\"EntryPoint\",\"urlTemplate\":\"https:\/\/www.donati-legal.cz\/it\/?s={search_term_string}\"},\"query-input\":{\"@type\":\"PropertyValueSpecification\",\"valueRequired\":true,\"valueName\":\"search_term_string\"}}],\"inLanguage\":\"it-IT\"},{\"@type\":\"Organization\",\"@id\":\"https:\/\/www.donati-legal.cz\/it\/#organization\",\"name\":\"DONATI LEGAL s.r.o.\",\"url\":\"https:\/\/www.donati-legal.cz\/it\/\",\"logo\":{\"@type\":\"ImageObject\",\"inLanguage\":\"it-IT\",\"@id\":\"https:\/\/www.donati-legal.cz\/it\/#\/schema\/logo\/image\/\",\"url\":\"https:\/\/www.donati-legal.cz\/wp-content\/uploads\/2020\/06\/donati_legalKreslici-platno-1@2x.png\",\"contentUrl\":\"https:\/\/www.donati-legal.cz\/wp-content\/uploads\/2020\/06\/donati_legalKreslici-platno-1@2x.png\",\"width\":1000,\"height\":1000,\"caption\":\"DONATI LEGAL s.r.o.\"},\"image\":{\"@id\":\"https:\/\/www.donati-legal.cz\/it\/#\/schema\/logo\/image\/\"}}]}<\/script>\n<!-- \/ Yoast SEO plugin. -->","yoast_head_json":{"title":"Testimonianze - DONATI LEGAL","robots":{"index":"index","follow":"follow","max-snippet":"max-snippet:-1","max-image-preview":"max-image-preview:large","max-video-preview":"max-video-preview:-1"},"canonical":"https:\/\/www.donati-legal.cz\/it\/testimonianze\/","og_locale":"it_IT","og_type":"article","og_title":"Testimonianze - DONATI LEGAL","og_description":"Testimonianze Di seguito puoi vedere i riferimenti dei clienti di Donati Legal Grazie mille per i servizi legali forniti relativi ai procedimenti di tutela e per la comunicazione piacevole, veloce&hellip;","og_url":"https:\/\/www.donati-legal.cz\/it\/testimonianze\/","og_site_name":"DONATI LEGAL","article_modified_time":"2023-10-10T08:53:18+00:00","twitter_card":"summary_large_image","twitter_misc":{"Tempo di lettura stimato":"2 minuti"},"schema":{"@context":"https:\/\/schema.org","@graph":[{"@type":"WebPage","@id":"https:\/\/www.donati-legal.cz\/it\/testimonianze\/","url":"https:\/\/www.donati-legal.cz\/it\/testimonianze\/","name":"Testimonianze - DONATI LEGAL","isPartOf":{"@id":"https:\/\/www.donati-legal.cz\/it\/#website"},"datePublished":"2023-10-10T08:31:44+00:00","dateModified":"2023-10-10T08:53:18+00:00","breadcrumb":{"@id":"https:\/\/www.donati-legal.cz\/it\/testimonianze\/#breadcrumb"},"inLanguage":"it-IT","potentialAction":[{"@type":"ReadAction","target":["https:\/\/www.donati-legal.cz\/it\/testimonianze\/"]}]},{"@type":"BreadcrumbList","@id":"https:\/\/www.donati-legal.cz\/it\/testimonianze\/#breadcrumb","itemListElement":[{"@type":"ListItem","position":1,"name":"Dom\u016f","item":"https:\/\/www.donati-legal.cz\/it\/"},{"@type":"ListItem","position":2,"name":"Testimonianze"}]},{"@type":"WebSite","@id":"https:\/\/www.donati-legal.cz\/it\/#website","url":"https:\/\/www.donati-legal.cz\/it\/","name":"DONATI LEGAL","description":"pro V\u00e1\u0161 byznys a \u017eivot","publisher":{"@id":"https:\/\/www.donati-legal.cz\/it\/#organization"},"potentialAction":[{"@type":"SearchAction","target":{"@type":"EntryPoint","urlTemplate":"https:\/\/www.donati-legal.cz\/it\/?s={search_term_string}"},"query-input":{"@type":"PropertyValueSpecification","valueRequired":true,"valueName":"search_term_string"}}],"inLanguage":"it-IT"},{"@type":"Organization","@id":"https:\/\/www.donati-legal.cz\/it\/#organization","name":"DONATI LEGAL s.r.o.","url":"https:\/\/www.donati-legal.cz\/it\/","logo":{"@type":"ImageObject","inLanguage":"it-IT","@id":"https:\/\/www.donati-legal.cz\/it\/#\/schema\/logo\/image\/","url":"https:\/\/www.donati-legal.cz\/wp-content\/uploads\/2020\/06\/donati_legalKreslici-platno-1@2x.png","contentUrl":"https:\/\/www.donati-legal.cz\/wp-content\/uploads\/2020\/06\/donati_legalKreslici-platno-1@2x.png","width":1000,"height":1000,"caption":"DONATI LEGAL s.r.o."},"image":{"@id":"https:\/\/www.donati-legal.cz\/it\/#\/schema\/logo\/image\/"}}]}},"_links":{"self":[{"href":"https:\/\/www.donati-legal.cz\/it\/wp-json\/wp\/v2\/pages\/21930","targetHints":{"allow":["GET"]}}],"collection":[{"href":"https:\/\/www.donati-legal.cz\/it\/wp-json\/wp\/v2\/pages"}],"about":[{"href":"https:\/\/www.donati-legal.cz\/it\/wp-json\/wp\/v2\/types\/page"}],"author":[{"embeddable":true,"href":"https:\/\/www.donati-legal.cz\/it\/wp-json\/wp\/v2\/users\/1"}],"replies":[{"embeddable":true,"href":"https:\/\/www.donati-legal.cz\/it\/wp-json\/wp\/v2\/comments?post=21930"}],"version-history":[{"count":2,"href":"https:\/\/www.donati-legal.cz\/it\/wp-json\/wp\/v2\/pages\/21930\/revisions"}],"predecessor-version":[{"id":21935,"href":"https:\/\/www.donati-legal.cz\/it\/wp-json\/wp\/v2\/pages\/21930\/revisions\/21935"}],"wp:attachment":[{"href":"https:\/\/www.donati-legal.cz\/it\/wp-json\/wp\/v2\/media?parent=21930"}],"curies":[{"name":"wp","href":"https:\/\/api.w.org\/{rel}","templated":true}]}}